{"id":22,"date":"2023-06-20T13:54:25","date_gmt":"2023-06-20T11:54:25","guid":{"rendered":"https:\/\/test.ppbch.cz\/?page_id=22"},"modified":"2025-01-06T17:13:07","modified_gmt":"2025-01-06T16:13:07","slug":"dex","status":"publish","type":"page","link":"https:\/\/www.ppbch.cz\/index.php\/dex\/","title":{"rendered":"Dex"},"content":{"rendered":"\n<figure class=\"wp-block-image size-large\"><img loading=\"lazy\" decoding=\"async\" width=\"1024\" height=\"768\" src=\"https:\/\/www.ppbch.cz\/wp-content\/uploads\/2023\/10\/Dex-1024x768.jpg\" alt=\"\" class=\"wp-image-80\" srcset=\"https:\/\/www.ppbch.cz\/wp-content\/uploads\/2023\/10\/Dex-1024x768.jpg 1024w, https:\/\/www.ppbch.cz\/wp-content\/uploads\/2023\/10\/Dex-300x225.jpg 300w, https:\/\/www.ppbch.cz\/wp-content\/uploads\/2023\/10\/Dex-768x576.jpg 768w, https:\/\/www.ppbch.cz\/wp-content\/uploads\/2023\/10\/Dex.jpg 1213w\" sizes=\"auto, (max-width: 1024px) 100vw, 1024px\" \/><\/figure>\n\n\n\n<p><strong>C.I.B. E&#8217;Dga-bar od Vilzonky<\/strong><\/p>\n\n\n\n<p>Narodil jsem se 25.4.2020 mamince&nbsp;Fabulous Teddy&#8217;s Luciana My Love. Ta poch\u00e1z\u00ed z Finska a \u017eije trvale v \u010cesk\u00e9 republice. Tat\u00ednek se jmenuje <a href=\"https:\/\/www.ttc-cz.com\/products\/nyams-dod-pa-od-vilzonky\/\" target=\"_blank\" rel=\"noreferrer noopener\">Nyams Dod-pa od Vilzonky<\/a>.<\/p>\n\n\n\n<div class=\"wp-block-group is-content-justification-right is-nowrap is-layout-flex wp-container-core-group-is-layout-3730b9a9 wp-block-group-is-layout-flex\">\n<p>S pani\u010dkou jsem jezdil \u010dasto na v\u00fdstavy. A proto\u017ee m\u00e1m u\u017e titul\u016f dost, tak te\u010f jezd\u00edm na v\u00fdstavy jen jako doprovod Izzyho &#8211; to je mlad\u0161\u00ed pejsek, co bydl\u00ed s n\u00e1mi. Jako dosp\u011bl\u00e1kovi se mi poda\u0159ilo z\u00edskat tituly:<br>C.I.B. &#8211; Mezin\u00e1rodn\u00ed \u0161ampion kr\u00e1sy<br>Grand\u0161ampion \u010ceska a Slovenska<br>\u0160ampion Ma\u010farska a Polska<br>Klubov\u00fd \u0161ampion TTC CZ<\/p>\n<\/div>\n\n\n\n<p>Kdy\u017e jsem byl je\u0161t\u011b mlad\u00fd pejsek, z\u00edskal jsem tituly:<br>\u010cesk\u00fd junior \u0161ampion<br>Slovensk\u00fd junior \u0161ampion<\/p>\n\n\n\n<p>Od 15.5.2023 jsem chovn\u00fd a ji\u017e jsem tat\u00ednkem kr\u00e1sn\u00fdch \u0161t\u011b\u0148\u00e1tek.<\/p>\n\n\n\n<p>Jsem vysok\u00fd 41 cm, dlouh\u00fd 41,5 cm, m\u00e1m v\u0161echny zoubky a n\u016f\u017ekov\u00fd skus.<\/p>\n\n\n\n<p>M\u00e1m za sebou spoustu zdravotn\u00edch vy\u0161et\u0159en\u00ed, aby nev\u011bsty vid\u011bly, \u017ee jsem zdrav\u00fd pejsek:<br>HD Dysplasie ky\u010deln\u00edch kloub\u016f &#8211; A<br>PLL Prim\u00e1rn\u00ed luxace \u010do\u010dky &#8211; clear<br>NCL\/CCL Neuron\u00e1ln\u00ed ceroidn\u00ed lipofuscin\u00f3za &#8211; clear<br>a dal\u0161\u00ed nepovinn\u00e1 vy\u0161et\u0159en\u00ed<br>PL Luxace \u010d\u00e9\u0161ky (patelly) &#8211; 0\/0<br>ED Dysplazie loketn\u00edch kloub\u016f &#8211; 0\/0<br>OCD Osteochondr\u00f3za ramen &#8211; clear\/clear<br>PRA3 Progresivn\u00ed retin\u00e1ln\u00ed atrofie TT &#8211; clear<br>PRA-RCD4 Progresivn\u00ed retin\u00e1ln\u00ed atrofie typ 4 &#8211; clear<br>PRA-PRCD Progresivn\u00ed retin\u00e1ln\u00ed atrofie &#8211; clear<br>DM Degenerativn\u00ed myelopatie &#8211; clear<br>PD Hypofyz\u00e1rn\u00ed dwarfismus &#8211; clear<br>Lokus B &#8211; nenesu vlohu pro hn\u011bdou barvu, tak\u017ee \u0161t\u011b\u0148\u00e1tka po m\u011b nebudou hn\u011bd\u00e1<\/p>\n\n\n\n<p>Na webu na\u0161eho klubu (Tibetan Terrier Club \u010cesk\u00e9 republiky) m\u00e1m tak\u00e9 svoji&nbsp;<a href=\"https:\/\/www.ttc-cz.com\/products\/edga-bar-od-vilzonky\/\" target=\"_blank\" rel=\"noreferrer noopener\">str\u00e1nku<\/a>.<\/p>\n","protected":false},"excerpt":{"rendered":"<p>C.I.B. E&#8217;Dga-bar od Vilzonky Narodil jsem se 25.4.2020 mamince&nbsp;Fabulous Teddy&#8217;s Luciana My Love. Ta poch\u00e1z\u00ed z Finska a \u017eije trvale v \u010cesk\u00e9 republice. Tat\u00ednek se jmenuje Nyams Dod-pa od Vilzonky. S pani\u010dkou jsem jezdil \u010dasto na v\u00fdstavy. A proto\u017ee m\u00e1m u\u017e titul\u016f dost, tak te\u010f jezd\u00edm na v\u00fdstavy jen jako doprovod Izzyho &#8211; to je [&hellip;]<\/p>\n","protected":false},"author":1,"featured_media":0,"parent":0,"menu_order":0,"comment_status":"closed","ping_status":"closed","template":"","meta":{"footnotes":""},"class_list":["post-22","page","type-page","status-publish","hentry"],"_links":{"self":[{"href":"https:\/\/www.ppbch.cz\/index.php\/wp-json\/wp\/v2\/pages\/22","targetHints":{"allow":["GET"]}}],"collection":[{"href":"https:\/\/www.ppbch.cz\/index.php\/wp-json\/wp\/v2\/pages"}],"about":[{"href":"https:\/\/www.ppbch.cz\/index.php\/wp-json\/wp\/v2\/types\/page"}],"author":[{"embeddable":true,"href":"https:\/\/www.ppbch.cz\/index.php\/wp-json\/wp\/v2\/users\/1"}],"replies":[{"embeddable":true,"href":"https:\/\/www.ppbch.cz\/index.php\/wp-json\/wp\/v2\/comments?post=22"}],"version-history":[{"count":14,"href":"https:\/\/www.ppbch.cz\/index.php\/wp-json\/wp\/v2\/pages\/22\/revisions"}],"predecessor-version":[{"id":127,"href":"https:\/\/www.ppbch.cz\/index.php\/wp-json\/wp\/v2\/pages\/22\/revisions\/127"}],"wp:attachment":[{"href":"https:\/\/www.ppbch.cz\/index.php\/wp-json\/wp\/v2\/media?parent=22"}],"curies":[{"name":"wp","href":"https:\/\/api.w.org\/{rel}","templated":true}]}}