{"id":2,"date":"2023-06-20T09:44:34","date_gmt":"2023-06-20T07:44:34","guid":{"rendered":"https:\/\/test.ppbch.cz\/?page_id=2"},"modified":"2023-06-20T21:00:42","modified_gmt":"2023-06-20T19:00:42","slug":"kontakt","status":"publish","type":"page","link":"https:\/\/www.ppbch.cz\/index.php\/kontakt\/","title":{"rendered":"Kontaktn\u00ed informace"},"content":{"rendered":"\n<p>Majitelka pejsk\u016f:<br>Anita Sychrov\u00e1, Plze\u0148<br>Tel.: 608 910 904<br>E-mail: anita.sychrova@gmail.com<\/p>\n","protected":false},"excerpt":{"rendered":"<p>Majitelka pejsk\u016f:Anita Sychrov\u00e1, Plze\u0148Tel.: 608 910 904E-mail: anita.sychrova@gmail.com<\/p>\n","protected":false},"author":1,"featured_media":0,"parent":0,"menu_order":0,"comment_status":"closed","ping_status":"closed","template":"","meta":{"footnotes":""},"class_list":["post-2","page","type-page","status-publish","hentry"],"_links":{"self":[{"href":"https:\/\/www.ppbch.cz\/index.php\/wp-json\/wp\/v2\/pages\/2","targetHints":{"allow":["GET"]}}],"collection":[{"href":"https:\/\/www.ppbch.cz\/index.php\/wp-json\/wp\/v2\/pages"}],"about":[{"href":"https:\/\/www.ppbch.cz\/index.php\/wp-json\/wp\/v2\/types\/page"}],"author":[{"embeddable":true,"href":"https:\/\/www.ppbch.cz\/index.php\/wp-json\/wp\/v2\/users\/1"}],"replies":[{"embeddable":true,"href":"https:\/\/www.ppbch.cz\/index.php\/wp-json\/wp\/v2\/comments?post=2"}],"version-history":[{"count":6,"href":"https:\/\/www.ppbch.cz\/index.php\/wp-json\/wp\/v2\/pages\/2\/revisions"}],"predecessor-version":[{"id":64,"href":"https:\/\/www.ppbch.cz\/index.php\/wp-json\/wp\/v2\/pages\/2\/revisions\/64"}],"wp:attachment":[{"href":"https:\/\/www.ppbch.cz\/index.php\/wp-json\/wp\/v2\/media?parent=2"}],"curies":[{"name":"wp","href":"https:\/\/api.w.org\/{rel}","templated":true}]}}